{"id":4392,"date":"2025-03-07T16:18:26","date_gmt":"2025-03-07T16:18:26","guid":{"rendered":"https:\/\/newplace.ch\/?page_id=4392"},"modified":"2025-03-20T11:08:59","modified_gmt":"2025-03-20T11:08:59","slug":"outplacement","status":"publish","type":"page","link":"https:\/\/newplace.ch\/fr\/outplacement\/","title":{"rendered":"Encadrement de l'outplacement"},"content":{"rendered":"<div data-elementor-type=\"wp-page\" data-elementor-id=\"4392\" class=\"elementor elementor-4392\" data-elementor-post-type=\"page\">\n\t\t\t\t<div class=\"elementor-element elementor-element-a4351f9 e-con-full e-flex e-con e-parent\" data-id=\"a4351f9\" data-element_type=\"container\" data-settings=\"{&quot;background_background&quot;:&quot;classic&quot;}\">\n\t\t<div class=\"elementor-element elementor-element-3dce49c e-con-full e-flex e-con e-child\" data-id=\"3dce49c\" data-element_type=\"container\">\n\t\t<div class=\"elementor-element elementor-element-e1a2fef e-con-full e-flex e-con e-child\" data-id=\"e1a2fef\" data-element_type=\"container\">\n\t\t\t\t<div class=\"elementor-element elementor-element-14e5e59 animated-slow elementor-invisible elementor-widget elementor-widget-heading\" data-id=\"14e5e59\" data-element_type=\"widget\" data-settings=\"{&quot;_animation&quot;:&quot;fadeIn&quot;}\" data-widget_type=\"heading.default\">\n\t\t\t\t<div class=\"elementor-widget-container\">\n\t\t\t\t\t<h2 class=\"elementor-heading-title elementor-size-default\"><span style=\"color:#000\">\n\n03 \/ Newplacement.\n\n<\/span>\n\n\n Pour accompagner les collaborateurs concern\u00e9s, nous proposons des conseils individuels et des formations de groupe ; selon les cas, nous proposons \u00e9galement un jobcenter et un jobhunting newplace internes \u00e0 l'entreprise. Notre m\u00e9thode de conseil - le concept tandem\u00ae - est appliqu\u00e9e dans tous les types d'accompagnement, m\u00eame si les perspectives de coaching sont diff\u00e9rentes.<\/h2>\t\t\t\t<\/div>\n\t\t\t\t<\/div>\n\t\t\t\t<div class=\"elementor-element elementor-element-d7ebf44 elementor-widget elementor-widget-spacer\" data-id=\"d7ebf44\" data-element_type=\"widget\" data-widget_type=\"spacer.default\">\n\t\t\t\t<div class=\"elementor-widget-container\">\n\t\t\t\t\t\t\t<div class=\"elementor-spacer\">\n\t\t\t<div class=\"elementor-spacer-inner\"><\/div>\n\t\t<\/div>\n\t\t\t\t\t\t<\/div>\n\t\t\t\t<\/div>\n\t\t\t\t<\/div>\n\t\t\t\t<\/div>\n\t\t\t\t<div class=\"elementor-element elementor-element-f2097e6 elementor-icon-list--layout-inline animated-slow elementor-list-item-link-full_width elementor-invisible elementor-widget elementor-widget-icon-list\" data-id=\"f2097e6\" data-element_type=\"widget\" data-settings=\"{&quot;_animation&quot;:&quot;fadeIn&quot;}\" data-widget_type=\"icon-list.default\">\n\t\t\t\t<div class=\"elementor-widget-container\">\n\t\t\t\t\t\t\t<ul class=\"elementor-icon-list-items elementor-inline-items\">\n\t\t\t\t\t\t\t<li class=\"elementor-icon-list-item elementor-inline-item\">\n\t\t\t\t\t\t\t\t\t\t\t<a href=\"https:\/\/newplace.ch\/fr\/planungsphase\/\">\n\n\t\t\t\t\t\t\t\t\t\t\t<span class=\"elementor-icon-list-text\">01 \/ Planification<\/span>\n\t\t\t\t\t\t\t\t\t\t\t<\/a>\n\t\t\t\t\t\t\t\t\t<\/li>\n\t\t\t\t\t\t\t\t<li class=\"elementor-icon-list-item elementor-inline-item\">\n\t\t\t\t\t\t\t\t\t\t\t<a href=\"https:\/\/newplace.ch\/fr\/umsetzungsphase\/\">\n\n\t\t\t\t\t\t\t\t\t\t\t<span class=\"elementor-icon-list-text\">02 \/ Accompagnement humain de la s\u00e9paration <\/span>\n\t\t\t\t\t\t\t\t\t\t\t<\/a>\n\t\t\t\t\t\t\t\t\t<\/li>\n\t\t\t\t\t\t\t\t<li class=\"elementor-icon-list-item elementor-inline-item\">\n\t\t\t\t\t\t\t\t\t\t\t<a href=\"https:\/\/newplace.ch\/fr\/outplacement\/\">\n\n\t\t\t\t\t\t\t\t\t\t\t<span class=\"elementor-icon-list-text\">03 \/ Nouveau placement<\/span>\n\t\t\t\t\t\t\t\t\t\t\t<\/a>\n\t\t\t\t\t\t\t\t\t<\/li>\n\t\t\t\t\t\t<\/ul>\n\t\t\t\t\t\t<\/div>\n\t\t\t\t<\/div>\n\t\t\t\t<\/div>\n\t\t\t\t<\/div>","protected":false},"excerpt":{"rendered":"<p>03 \/ Le replacement. Pour accompagner les collaborateurs concern\u00e9s, nous proposons des conseils individuels et des formations de groupe ; au cas par cas, nous proposons \u00e9galement un centre d'emploi et un jobhunting newplace internes \u00e0 l'entreprise. Notre proc\u00e9dure de conseil - le tandemconcept\u00ae - est appliqu\u00e9e dans tous les types d'accompagnement, m\u00eame si l'importance des perspectives de coaching varie. 01 \/ Planification 02 \/ Accompagnement de care 03 \/ Newplacement<\/p>","protected":false},"author":2,"featured_media":0,"parent":0,"menu_order":0,"comment_status":"closed","ping_status":"closed","template":"","meta":{"_acf_changed":false,"footnotes":""},"class_list":["post-4392","page","type-page","status-publish","hentry"],"acf":[],"yoast_head":"<!-- This site is optimized with the Yoast SEO plugin v27.5 - https:\/\/yoast.com\/product\/yoast-seo-wordpress\/ -->\n<title>Das newplace 3-Phasen-Modell: Outplacement Betreuung &#8226; newplace &#8226;<\/title>\n<meta name=\"description\" content=\"Outplacement Betreuung im newplace 3-Phasen-Modell: Wir beraten und begleiten Sie als Unternehmen oder Arbeitnehmer professionell.\" \/>\n<meta name=\"robots\" content=\"index, follow, max-snippet:-1, max-image-preview:large, max-video-preview:-1\" \/>\n<link rel=\"canonical\" href=\"https:\/\/newplace.ch\/fr\/outplacement\/\" \/>\n<meta property=\"og:locale\" content=\"fr_FR\" \/>\n<meta property=\"og:type\" content=\"article\" \/>\n<meta property=\"og:title\" content=\"Das newplace 3-Phasen-Modell: Outplacement Betreuung &#8226; newplace &#8226;\" \/>\n<meta property=\"og:description\" content=\"Outplacement Betreuung im newplace 3-Phasen-Modell: Wir beraten und begleiten Sie als Unternehmen oder Arbeitnehmer professionell.\" \/>\n<meta property=\"og:url\" content=\"https:\/\/newplace.ch\/fr\/outplacement\/\" \/>\n<meta property=\"og:site_name\" content=\"newplace\" \/>\n<meta property=\"article:modified_time\" content=\"2025-03-20T11:08:59+00:00\" \/>\n<meta name=\"twitter:card\" content=\"summary_large_image\" \/>\n<script type=\"application\/ld+json\" class=\"yoast-schema-graph\">{\"@context\":\"https:\\\/\\\/schema.org\",\"@graph\":[{\"@type\":\"WebPage\",\"@id\":\"https:\\\/\\\/newplace.ch\\\/outplacement\\\/\",\"url\":\"https:\\\/\\\/newplace.ch\\\/outplacement\\\/\",\"name\":\"Das newplace 3-Phasen-Modell: Outplacement Betreuung &#8226; newplace &#8226;\",\"isPartOf\":{\"@id\":\"https:\\\/\\\/newplace.ch\\\/#website\"},\"datePublished\":\"2025-03-07T16:18:26+00:00\",\"dateModified\":\"2025-03-20T11:08:59+00:00\",\"description\":\"Outplacement Betreuung im newplace 3-Phasen-Modell: Wir beraten und begleiten Sie als Unternehmen oder Arbeitnehmer professionell.\",\"breadcrumb\":{\"@id\":\"https:\\\/\\\/newplace.ch\\\/outplacement\\\/#breadcrumb\"},\"inLanguage\":\"fr-FR\",\"potentialAction\":[{\"@type\":\"ReadAction\",\"target\":[\"https:\\\/\\\/newplace.ch\\\/outplacement\\\/\"]}]},{\"@type\":\"BreadcrumbList\",\"@id\":\"https:\\\/\\\/newplace.ch\\\/outplacement\\\/#breadcrumb\",\"itemListElement\":[{\"@type\":\"ListItem\",\"position\":1,\"name\":\"Startseite\",\"item\":\"https:\\\/\\\/newplace.ch\\\/\"},{\"@type\":\"ListItem\",\"position\":2,\"name\":\"Outplacement Betreuung\"}]},{\"@type\":\"WebSite\",\"@id\":\"https:\\\/\\\/newplace.ch\\\/#website\",\"url\":\"https:\\\/\\\/newplace.ch\\\/\",\"name\":\"newplace\",\"description\":\"\",\"publisher\":{\"@id\":\"https:\\\/\\\/newplace.ch\\\/#organization\"},\"potentialAction\":[{\"@type\":\"SearchAction\",\"target\":{\"@type\":\"EntryPoint\",\"urlTemplate\":\"https:\\\/\\\/newplace.ch\\\/?s={search_term_string}\"},\"query-input\":{\"@type\":\"PropertyValueSpecification\",\"valueRequired\":true,\"valueName\":\"search_term_string\"}}],\"inLanguage\":\"fr-FR\"},{\"@type\":\"Organization\",\"@id\":\"https:\\\/\\\/newplace.ch\\\/#organization\",\"name\":\"newplace AG\",\"url\":\"https:\\\/\\\/newplace.ch\\\/\",\"logo\":{\"@type\":\"ImageObject\",\"inLanguage\":\"fr-FR\",\"@id\":\"https:\\\/\\\/newplace.ch\\\/#\\\/schema\\\/logo\\\/image\\\/\",\"url\":\"https:\\\/\\\/newplace.ch\\\/wp-content\\\/uploads\\\/2025\\\/02\\\/newplace.svg\",\"contentUrl\":\"https:\\\/\\\/newplace.ch\\\/wp-content\\\/uploads\\\/2025\\\/02\\\/newplace.svg\",\"width\":345,\"height\":120,\"caption\":\"newplace AG\"},\"image\":{\"@id\":\"https:\\\/\\\/newplace.ch\\\/#\\\/schema\\\/logo\\\/image\\\/\"},\"sameAs\":[\"https:\\\/\\\/www.linkedin.com\\\/company\\\/newplace-ag\"]}]}<\/script>\n<!-- \/ Yoast SEO plugin. -->","yoast_head_json":{"title":"Das newplace 3-Phasen-Modell: Outplacement Betreuung &#8226; newplace &#8226;","description":"Outplacement Betreuung im newplace 3-Phasen-Modell: Wir beraten und begleiten Sie als Unternehmen oder Arbeitnehmer professionell.","robots":{"index":"index","follow":"follow","max-snippet":"max-snippet:-1","max-image-preview":"max-image-preview:large","max-video-preview":"max-video-preview:-1"},"canonical":"https:\/\/newplace.ch\/fr\/outplacement\/","og_locale":"fr_FR","og_type":"article","og_title":"Das newplace 3-Phasen-Modell: Outplacement Betreuung &#8226; newplace &#8226;","og_description":"Outplacement Betreuung im newplace 3-Phasen-Modell: Wir beraten und begleiten Sie als Unternehmen oder Arbeitnehmer professionell.","og_url":"https:\/\/newplace.ch\/fr\/outplacement\/","og_site_name":"newplace","article_modified_time":"2025-03-20T11:08:59+00:00","twitter_card":"summary_large_image","schema":{"@context":"https:\/\/schema.org","@graph":[{"@type":"WebPage","@id":"https:\/\/newplace.ch\/outplacement\/","url":"https:\/\/newplace.ch\/outplacement\/","name":"Das newplace 3-Phasen-Modell: Outplacement Betreuung &#8226; newplace &#8226;","isPartOf":{"@id":"https:\/\/newplace.ch\/#website"},"datePublished":"2025-03-07T16:18:26+00:00","dateModified":"2025-03-20T11:08:59+00:00","description":"Outplacement Betreuung im newplace 3-Phasen-Modell: Wir beraten und begleiten Sie als Unternehmen oder Arbeitnehmer professionell.","breadcrumb":{"@id":"https:\/\/newplace.ch\/outplacement\/#breadcrumb"},"inLanguage":"fr-FR","potentialAction":[{"@type":"ReadAction","target":["https:\/\/newplace.ch\/outplacement\/"]}]},{"@type":"BreadcrumbList","@id":"https:\/\/newplace.ch\/outplacement\/#breadcrumb","itemListElement":[{"@type":"ListItem","position":1,"name":"Startseite","item":"https:\/\/newplace.ch\/"},{"@type":"ListItem","position":2,"name":"Outplacement Betreuung"}]},{"@type":"WebSite","@id":"https:\/\/newplace.ch\/#website","url":"https:\/\/newplace.ch\/","name":"newplace","description":"","publisher":{"@id":"https:\/\/newplace.ch\/#organization"},"potentialAction":[{"@type":"SearchAction","target":{"@type":"EntryPoint","urlTemplate":"https:\/\/newplace.ch\/?s={search_term_string}"},"query-input":{"@type":"PropertyValueSpecification","valueRequired":true,"valueName":"search_term_string"}}],"inLanguage":"fr-FR"},{"@type":"Organization","@id":"https:\/\/newplace.ch\/#organization","name":"newplace AG","url":"https:\/\/newplace.ch\/","logo":{"@type":"ImageObject","inLanguage":"fr-FR","@id":"https:\/\/newplace.ch\/#\/schema\/logo\/image\/","url":"https:\/\/newplace.ch\/wp-content\/uploads\/2025\/02\/newplace.svg","contentUrl":"https:\/\/newplace.ch\/wp-content\/uploads\/2025\/02\/newplace.svg","width":345,"height":120,"caption":"newplace AG"},"image":{"@id":"https:\/\/newplace.ch\/#\/schema\/logo\/image\/"},"sameAs":["https:\/\/www.linkedin.com\/company\/newplace-ag"]}]}},"_links":{"self":[{"href":"https:\/\/newplace.ch\/fr\/wp-json\/wp\/v2\/pages\/4392","targetHints":{"allow":["GET"]}}],"collection":[{"href":"https:\/\/newplace.ch\/fr\/wp-json\/wp\/v2\/pages"}],"about":[{"href":"https:\/\/newplace.ch\/fr\/wp-json\/wp\/v2\/types\/page"}],"author":[{"embeddable":true,"href":"https:\/\/newplace.ch\/fr\/wp-json\/wp\/v2\/users\/2"}],"replies":[{"embeddable":true,"href":"https:\/\/newplace.ch\/fr\/wp-json\/wp\/v2\/comments?post=4392"}],"version-history":[{"count":5,"href":"https:\/\/newplace.ch\/fr\/wp-json\/wp\/v2\/pages\/4392\/revisions"}],"predecessor-version":[{"id":4945,"href":"https:\/\/newplace.ch\/fr\/wp-json\/wp\/v2\/pages\/4392\/revisions\/4945"}],"wp:attachment":[{"href":"https:\/\/newplace.ch\/fr\/wp-json\/wp\/v2\/media?parent=4392"}],"curies":[{"name":"wp","href":"https:\/\/api.w.org\/{rel}","templated":true}]}}