{"id":19,"date":"2025-02-27T13:24:53","date_gmt":"2025-02-27T13:24:53","guid":{"rendered":"https:\/\/newplace.ch\/?page_id=19"},"modified":"2025-12-08T12:52:52","modified_gmt":"2025-12-08T12:52:52","slug":"kuendigungsfibel","status":"publish","type":"page","link":"https:\/\/newplace.ch\/fr\/kuendigungsfibel\/","title":{"rendered":"Guide de r\u00e9siliation"},"content":{"rendered":"\t\t<div data-elementor-type=\"wp-page\" data-elementor-id=\"19\" class=\"elementor elementor-19\" data-elementor-post-type=\"page\">\n\t\t\t\t<div class=\"elementor-element elementor-element-8f83774 e-con-full e-flex e-con e-parent\" data-id=\"8f83774\" data-element_type=\"container\" data-settings=\"{&quot;background_background&quot;:&quot;classic&quot;}\">\n\t\t<div class=\"elementor-element elementor-element-f343703 e-con-full e-flex e-con e-child\" data-id=\"f343703\" data-element_type=\"container\">\n\t\t<div class=\"elementor-element elementor-element-a8f095a e-con-full e-flex e-con e-child\" data-id=\"a8f095a\" data-element_type=\"container\">\n\t\t\t\t<div class=\"elementor-element elementor-element-b21161b elementor-widget elementor-widget-image\" data-id=\"b21161b\" data-element_type=\"widget\" data-widget_type=\"image.default\">\n\t\t\t\t<div class=\"elementor-widget-container\">\n\t\t\t\t\t\t\t\t\t\t\t\t\t\t\t<img fetchpriority=\"high\" decoding=\"async\" width=\"700\" height=\"500\" src=\"https:\/\/newplace.ch\/wp-content\/uploads\/2025\/03\/Kuendigungsfibel-newplace-DE-scaled-700x500-1.jpg\" class=\"attachment-full size-full wp-image-4469\" alt=\"\" srcset=\"https:\/\/newplace.ch\/wp-content\/uploads\/2025\/03\/Kuendigungsfibel-newplace-DE-scaled-700x500-1.jpg 700w, https:\/\/newplace.ch\/wp-content\/uploads\/2025\/03\/Kuendigungsfibel-newplace-DE-scaled-700x500-1-300x214.jpg 300w, https:\/\/newplace.ch\/wp-content\/uploads\/2025\/03\/Kuendigungsfibel-newplace-DE-scaled-700x500-1-18x12.jpg 18w\" sizes=\"(max-width: 700px) 100vw, 700px\" \/>\t\t\t\t\t\t\t\t\t\t\t\t\t\t\t<\/div>\n\t\t\t\t<\/div>\n\t\t\t\t<div class=\"elementor-element elementor-element-267e88f animated-slow elementor-invisible elementor-widget elementor-widget-heading\" data-id=\"267e88f\" data-element_type=\"widget\" data-settings=\"{&quot;_animation&quot;:&quot;fadeIn&quot;}\" data-widget_type=\"heading.default\">\n\t\t\t\t<div class=\"elementor-widget-container\">\n\t\t\t\t\t<h2 class=\"elementor-heading-title elementor-size-default\">K\u00fcndigungsfibel bestellen<\/h2>\t\t\t\t<\/div>\n\t\t\t\t<\/div>\n\t\t\t\t<div class=\"elementor-element elementor-element-a809e04 animated-slow elementor-invisible elementor-widget elementor-widget-heading\" data-id=\"a809e04\" data-element_type=\"widget\" data-settings=\"{&quot;_animation&quot;:&quot;fadeIn&quot;}\" data-widget_type=\"heading.default\">\n\t\t\t\t<div class=\"elementor-widget-container\">\n\t\t\t\t\t<h2 class=\"elementor-heading-title elementor-size-default\"><span style=\"--Ys-XuQ: none\">Unsere Vision bei newplace ist es, Trennungen fairer und menschlicher zu gestalten. Unsere K\u00fcndigungsfibel bietet Ihnen dabei eine praxisnahe Unterst\u00fctzung \u2013 Schritt f\u00fcr Schritt, klar und respektvoll.<\/span><br><br>Pro Bestellung sind maximal 2 K\u00fcndigungsfibeln erh\u00e4ltlich.\nF\u00fcr weitere Exemplare wenden Sie sich bitte direkt an Michael Hasler: michael.hasler@newplace.ch.<\/h2>\t\t\t\t<\/div>\n\t\t\t\t<\/div>\n\t\t\t\t<div class=\"elementor-element elementor-element-0d984a8 elementor-button-align-stretch elementor-widget elementor-widget-form\" data-id=\"0d984a8\" data-element_type=\"widget\" data-settings=\"{&quot;button_width&quot;:&quot;20&quot;,&quot;step_next_label&quot;:&quot;N\\u00e4chster&quot;,&quot;step_previous_label&quot;:&quot;Voriger&quot;,&quot;step_type&quot;:&quot;number_text&quot;,&quot;step_icon_shape&quot;:&quot;circle&quot;}\" data-widget_type=\"form.default\">\n\t\t\t\t<div class=\"elementor-widget-container\">\n\t\t\t\t\t\t\t<form class=\"elementor-form\" method=\"post\" name=\"Neues Formular\">\n\t\t\t<input type=\"hidden\" name=\"post_id\" value=\"19\"\/>\n\t\t\t<input type=\"hidden\" name=\"form_id\" value=\"0d984a8\"\/>\n\t\t\t<input type=\"hidden\" name=\"referer_title\" value=\"K\u00fcndigungsfibel &#8226; newplace &#8226; Outplacement f\u00fcr Unternehmen und Arbeitnehmende\" \/>\n\n\t\t\t\t\t\t\t<input type=\"hidden\" name=\"queried_id\" value=\"19\"\/>\n\t\t\t\n\t\t\t<div class=\"elementor-form-fields-wrapper elementor-labels-above\">\n\t\t\t\t\t\t\t\t<div class=\"elementor-field-type-text elementor-field-group elementor-column elementor-field-group-field_c76d79e elementor-col-100 elementor-field-required\">\n\t\t\t\t\t\t\t\t\t\t\t\t\t<input size=\"1\" type=\"text\" name=\"form_fields[field_c76d79e]\" id=\"form-field-field_c76d79e\" class=\"elementor-field elementor-size-md  elementor-field-textual\" placeholder=\"Firma\" required=\"required\">\n\t\t\t\t\t\t\t\t\t\t\t<\/div>\n\t\t\t\t\t\t\t\t<div class=\"elementor-field-type-text elementor-field-group elementor-column elementor-field-group-field_61491d5 elementor-col-100 elementor-field-required\">\n\t\t\t\t\t\t\t\t\t\t\t\t\t<input size=\"1\" type=\"text\" name=\"form_fields[field_61491d5]\" id=\"form-field-field_61491d5\" class=\"elementor-field elementor-size-md  elementor-field-textual\" placeholder=\"Rolle\" required=\"required\">\n\t\t\t\t\t\t\t\t\t\t\t<\/div>\n\t\t\t\t\t\t\t\t<div class=\"elementor-field-type-text elementor-field-group elementor-column elementor-field-group-field_4c1fd7d elementor-col-100 elementor-field-required\">\n\t\t\t\t\t\t\t\t\t\t\t\t\t<input size=\"1\" type=\"text\" name=\"form_fields[field_4c1fd7d]\" id=\"form-field-field_4c1fd7d\" class=\"elementor-field elementor-size-md  elementor-field-textual\" placeholder=\"Vorname\/Name\" required=\"required\">\n\t\t\t\t\t\t\t\t\t\t\t<\/div>\n\t\t\t\t\t\t\t\t<div class=\"elementor-field-type-text elementor-field-group elementor-column elementor-field-group-field_af9e430 elementor-col-100 elementor-field-required\">\n\t\t\t\t\t\t\t\t\t\t\t\t\t<input size=\"1\" type=\"text\" name=\"form_fields[field_af9e430]\" id=\"form-field-field_af9e430\" class=\"elementor-field elementor-size-md  elementor-field-textual\" placeholder=\"Strasse\/Nr\" required=\"required\">\n\t\t\t\t\t\t\t\t\t\t\t<\/div>\n\t\t\t\t\t\t\t\t<div class=\"elementor-field-type-text elementor-field-group elementor-column elementor-field-group-field_b9951cb elementor-col-100 elementor-field-required\">\n\t\t\t\t\t\t\t\t\t\t\t\t\t<input size=\"1\" type=\"text\" name=\"form_fields[field_b9951cb]\" id=\"form-field-field_b9951cb\" class=\"elementor-field elementor-size-md  elementor-field-textual\" placeholder=\"PLZ\/Ort\" required=\"required\">\n\t\t\t\t\t\t\t\t\t\t\t<\/div>\n\t\t\t\t\t\t\t\t<div class=\"elementor-field-type-email elementor-field-group elementor-column elementor-field-group-email elementor-col-100 elementor-field-required\">\n\t\t\t\t\t\t\t\t\t\t\t\t\t<input size=\"1\" type=\"email\" name=\"form_fields[email]\" id=\"form-field-email\" class=\"elementor-field elementor-size-md  elementor-field-textual\" placeholder=\"E-Mail-Adresse\" required=\"required\">\n\t\t\t\t\t\t\t\t\t\t\t<\/div>\n\t\t\t\t\t\t\t\t<div class=\"elementor-field-type-text elementor-field-group elementor-column elementor-field-group-field_869c372 elementor-col-100 elementor-field-required\">\n\t\t\t\t\t\t\t\t\t\t\t\t\t<input size=\"1\" type=\"text\" name=\"form_fields[field_869c372]\" id=\"form-field-field_869c372\" class=\"elementor-field elementor-size-md  elementor-field-textual\" placeholder=\"Anzahl Fibeln (max 2 pro Bestellung)\" required=\"required\">\n\t\t\t\t\t\t\t\t\t\t\t<\/div>\n\t\t\t\t\t\t\t\t<div class=\"elementor-field-type-text elementor-field-group elementor-column elementor-field-group-field_488364e elementor-col-100 elementor-field-required\">\n\t\t\t\t\t\t\t\t\t\t\t\t\t<input size=\"1\" type=\"text\" name=\"form_fields[field_488364e]\" id=\"form-field-field_488364e\" class=\"elementor-field elementor-size-md  elementor-field-textual\" placeholder=\"Spache Fibel (DE\/FR\/EN)\" required=\"required\">\n\t\t\t\t\t\t\t\t\t\t\t<\/div>\n\t\t\t\t\t\t\t\t<div class=\"elementor-field-type-textarea elementor-field-group elementor-column elementor-field-group-message elementor-col-100\">\n\t\t\t\t\t<textarea class=\"elementor-field-textual elementor-field  elementor-size-md\" name=\"form_fields[message]\" id=\"form-field-message\" rows=\"8\" placeholder=\"Nachricht\"><\/textarea>\t\t\t\t<\/div>\n\t\t\t\t\t\t\t\t<div class=\"elementor-field-type-number elementor-field-group elementor-column elementor-field-group-field_bab18be elementor-col-100 elementor-field-required\">\n\t\t\t\t\t\t\t\t<input type=\"number\" name=\"form_fields[field_bab18be]\" id=\"form-field-field_bab18be\" class=\"elementor-field elementor-size-md  elementor-field-textual\" placeholder=\"1+1 = ?\" required=\"required\" min=\"\" max=\"\" >\n\t\t\t\t\t\t<\/div>\n\t\t\t\t\t\t\t\t<div class=\"elementor-field-type-select elementor-field-group elementor-column elementor-field-group-field_8623803 elementor-col-100\">\n\t\t\t\t\t\t\t\t\t\t\t\t<label for=\"form-field-field_8623803\" class=\"elementor-field-label\">\n\t\t\t\t\t\t\t\tWie wurden Sie auf die K\u00fcndigungsfibel aufmerksam?\t\t\t\t\t\t\t<\/label>\n\t\t\t\t\t\t\t\t<div class=\"elementor-field elementor-select-wrapper remove-before \">\n\t\t\t<div class=\"select-caret-down-wrapper\">\n\t\t\t\t<svg aria-hidden=\"true\" class=\"e-font-icon-svg e-eicon-caret-down\" viewBox=\"0 0 571.4 571.4\" xmlns=\"http:\/\/www.w3.org\/2000\/svg\"><path d=\"M571 393Q571 407 561 418L311 668Q300 679 286 679T261 668L11 418Q0 407 0 393T11 368 36 357H536Q550 357 561 368T571 393Z\"><\/path><\/svg>\t\t\t<\/div>\n\t\t\t<select name=\"form_fields[field_8623803]\" id=\"form-field-field_8623803\" class=\"elementor-field-textual elementor-size-md\">\n\t\t\t\t\t\t\t\t\t<option value=\"LinkedIn\">LinkedIn<\/option>\n\t\t\t\t\t\t\t\t\t<option value=\"Newsletter\">Newsletter<\/option>\n\t\t\t\t\t\t\t\t\t<option value=\"Webseite\">Webseite<\/option>\n\t\t\t\t\t\t\t\t\t<option value=\"Veranstaltung\">Veranstaltung<\/option>\n\t\t\t\t\t\t\t\t\t<option value=\"E-Mail mit newplace Mitarbeitenden\">E-Mail mit newplace Mitarbeitenden<\/option>\n\t\t\t\t\t\t\t\t\t<option value=\"Google Suche\">Google Suche<\/option>\n\t\t\t\t\t\t\t\t\t<option value=\"Artikel oder Blogbeitrag\">Artikel oder Blogbeitrag<\/option>\n\t\t\t\t\t\t\t\t\t<option value=\"Empfehlung Arbeitgebende\/HR\">Empfehlung Arbeitgebende\/HR<\/option>\n\t\t\t\t\t\t\t\t\t<option value=\"Empfehlung von Freunden\/Bekannten\">Empfehlung von Freunden\/Bekannten<\/option>\n\t\t\t\t\t\t\t\t\t<option value=\"Sonstiges\">Sonstiges<\/option>\n\t\t\t\t\t\t\t<\/select>\n\t\t<\/div>\n\t\t\t\t\t\t<\/div>\n\t\t\t\t\t\t\t\t<div class=\"elementor-field-group elementor-column elementor-field-type-submit elementor-col-20 e-form__buttons\">\n\t\t\t\t\t<button class=\"elementor-button elementor-size-md\" type=\"submit\">\n\t\t\t\t\t\t<span class=\"elementor-button-content-wrapper\">\n\t\t\t\t\t\t\t\t\t\t\t\t\t\t\t\t\t\t\t\t\t\t<span class=\"elementor-button-text\">Senden<\/span>\n\t\t\t\t\t\t\t\t\t\t\t\t\t<\/span>\n\t\t\t\t\t<\/button>\n\t\t\t\t<\/div>\n\t\t\t<\/div>\n\t\t<\/form>\n\t\t\t\t\t\t<\/div>\n\t\t\t\t<\/div>\n\t\t\t\t<\/div>\n\t\t\t\t<\/div>\n\t\t\t\t<\/div>\n\t\t\t\t<\/div>\n\t\t","protected":false},"excerpt":{"rendered":"<p>K\u00fcndigungsfibel bestellen Unsere Vision bei newplace ist es, Trennungen fairer und menschlicher zu gestalten. Unsere K\u00fcndigungsfibel bietet Ihnen dabei eine praxisnahe Unterst\u00fctzung \u2013 Schritt f\u00fcr Schritt, klar und respektvoll. Pro Bestellung sind maximal 2 K\u00fcndigungsfibeln erh\u00e4ltlich. F\u00fcr weitere Exemplare wenden Sie sich bitte direkt an Michael Hasler: michael.hasler@newplace.ch.<\/p>","protected":false},"author":2,"featured_media":0,"parent":0,"menu_order":0,"comment_status":"closed","ping_status":"closed","template":"","meta":{"_acf_changed":false,"footnotes":""},"class_list":["post-19","page","type-page","status-publish","hentry"],"acf":[],"yoast_head":"<!-- This site is optimized with the Yoast SEO plugin v27.5 - https:\/\/yoast.com\/product\/yoast-seo-wordpress\/ -->\n<title>K\u00fcndigungsfibel &#8226; newplace &#8226; Outplacement f\u00fcr Unternehmen und Arbeitnehmende<\/title>\n<meta name=\"description\" content=\"Outplacement f\u00fcr Firmen und Arbeitnehmer \u2022 Ob Outplacement, Newplacement oder Karrierecoaching: Wir beraten &amp; begleiten Sie!\" \/>\n<meta name=\"robots\" content=\"index, follow, max-snippet:-1, max-image-preview:large, max-video-preview:-1\" \/>\n<link rel=\"canonical\" href=\"https:\/\/newplace.ch\/fr\/kuendigungsfibel\/\" \/>\n<meta property=\"og:locale\" content=\"fr_FR\" \/>\n<meta property=\"og:type\" content=\"article\" \/>\n<meta property=\"og:title\" content=\"K\u00fcndigungsfibel &#8226; newplace &#8226; Outplacement f\u00fcr Unternehmen und Arbeitnehmende\" \/>\n<meta property=\"og:description\" content=\"Outplacement f\u00fcr Firmen und Arbeitnehmer \u2022 Ob Outplacement, Newplacement oder Karrierecoaching: Wir beraten &amp; begleiten Sie!\" \/>\n<meta property=\"og:url\" content=\"https:\/\/newplace.ch\/fr\/kuendigungsfibel\/\" \/>\n<meta property=\"og:site_name\" content=\"newplace\" \/>\n<meta property=\"article:modified_time\" content=\"2025-12-08T12:52:52+00:00\" \/>\n<meta property=\"og:image\" content=\"https:\/\/newplace.ch\/wp-content\/uploads\/2025\/03\/Kuendigungsfibel-newplace-DE-scaled-700x500-1.jpg\" \/>\n\t<meta property=\"og:image:width\" content=\"700\" \/>\n\t<meta property=\"og:image:height\" content=\"500\" \/>\n\t<meta property=\"og:image:type\" content=\"image\/jpeg\" \/>\n<meta name=\"twitter:card\" content=\"summary_large_image\" \/>\n<script type=\"application\/ld+json\" class=\"yoast-schema-graph\">{\"@context\":\"https:\\\/\\\/schema.org\",\"@graph\":[{\"@type\":\"WebPage\",\"@id\":\"https:\\\/\\\/newplace.ch\\\/kuendigungsfibel\\\/\",\"url\":\"https:\\\/\\\/newplace.ch\\\/kuendigungsfibel\\\/\",\"name\":\"K\u00fcndigungsfibel &#8226; newplace &#8226; Outplacement f\u00fcr Unternehmen und Arbeitnehmende\",\"isPartOf\":{\"@id\":\"https:\\\/\\\/newplace.ch\\\/#website\"},\"primaryImageOfPage\":{\"@id\":\"https:\\\/\\\/newplace.ch\\\/kuendigungsfibel\\\/#primaryimage\"},\"image\":{\"@id\":\"https:\\\/\\\/newplace.ch\\\/kuendigungsfibel\\\/#primaryimage\"},\"thumbnailUrl\":\"https:\\\/\\\/newplace.ch\\\/wp-content\\\/uploads\\\/2025\\\/03\\\/Kuendigungsfibel-newplace-DE-scaled-700x500-1.jpg\",\"datePublished\":\"2025-02-27T13:24:53+00:00\",\"dateModified\":\"2025-12-08T12:52:52+00:00\",\"description\":\"Outplacement f\u00fcr Firmen und Arbeitnehmer \u2022 Ob Outplacement, Newplacement oder Karrierecoaching: Wir beraten & begleiten Sie!\",\"breadcrumb\":{\"@id\":\"https:\\\/\\\/newplace.ch\\\/kuendigungsfibel\\\/#breadcrumb\"},\"inLanguage\":\"fr-FR\",\"potentialAction\":[{\"@type\":\"ReadAction\",\"target\":[\"https:\\\/\\\/newplace.ch\\\/kuendigungsfibel\\\/\"]}]},{\"@type\":\"ImageObject\",\"inLanguage\":\"fr-FR\",\"@id\":\"https:\\\/\\\/newplace.ch\\\/kuendigungsfibel\\\/#primaryimage\",\"url\":\"https:\\\/\\\/newplace.ch\\\/wp-content\\\/uploads\\\/2025\\\/03\\\/Kuendigungsfibel-newplace-DE-scaled-700x500-1.jpg\",\"contentUrl\":\"https:\\\/\\\/newplace.ch\\\/wp-content\\\/uploads\\\/2025\\\/03\\\/Kuendigungsfibel-newplace-DE-scaled-700x500-1.jpg\"},{\"@type\":\"BreadcrumbList\",\"@id\":\"https:\\\/\\\/newplace.ch\\\/kuendigungsfibel\\\/#breadcrumb\",\"itemListElement\":[{\"@type\":\"ListItem\",\"position\":1,\"name\":\"Startseite\",\"item\":\"https:\\\/\\\/newplace.ch\\\/\"},{\"@type\":\"ListItem\",\"position\":2,\"name\":\"K\u00fcndigungsfibel\"}]},{\"@type\":\"WebSite\",\"@id\":\"https:\\\/\\\/newplace.ch\\\/#website\",\"url\":\"https:\\\/\\\/newplace.ch\\\/\",\"name\":\"newplace\",\"description\":\"\",\"publisher\":{\"@id\":\"https:\\\/\\\/newplace.ch\\\/#organization\"},\"potentialAction\":[{\"@type\":\"SearchAction\",\"target\":{\"@type\":\"EntryPoint\",\"urlTemplate\":\"https:\\\/\\\/newplace.ch\\\/?s={search_term_string}\"},\"query-input\":{\"@type\":\"PropertyValueSpecification\",\"valueRequired\":true,\"valueName\":\"search_term_string\"}}],\"inLanguage\":\"fr-FR\"},{\"@type\":\"Organization\",\"@id\":\"https:\\\/\\\/newplace.ch\\\/#organization\",\"name\":\"newplace AG\",\"url\":\"https:\\\/\\\/newplace.ch\\\/\",\"logo\":{\"@type\":\"ImageObject\",\"inLanguage\":\"fr-FR\",\"@id\":\"https:\\\/\\\/newplace.ch\\\/#\\\/schema\\\/logo\\\/image\\\/\",\"url\":\"https:\\\/\\\/newplace.ch\\\/wp-content\\\/uploads\\\/2025\\\/02\\\/newplace.svg\",\"contentUrl\":\"https:\\\/\\\/newplace.ch\\\/wp-content\\\/uploads\\\/2025\\\/02\\\/newplace.svg\",\"width\":345,\"height\":120,\"caption\":\"newplace AG\"},\"image\":{\"@id\":\"https:\\\/\\\/newplace.ch\\\/#\\\/schema\\\/logo\\\/image\\\/\"},\"sameAs\":[\"https:\\\/\\\/www.linkedin.com\\\/company\\\/newplace-ag\"]}]}<\/script>\n<!-- \/ Yoast SEO plugin. -->","yoast_head_json":{"title":"K\u00fcndigungsfibel &#8226; newplace &#8226; Outplacement f\u00fcr Unternehmen und Arbeitnehmende","description":"Outplacement pour entreprises et salari\u00e9s - Que ce soit pour un outplacement, un newplacement ou un coaching de carri\u00e8re, nous vous conseillons &amp; vous accompagnons !","robots":{"index":"index","follow":"follow","max-snippet":"max-snippet:-1","max-image-preview":"max-image-preview:large","max-video-preview":"max-video-preview:-1"},"canonical":"https:\/\/newplace.ch\/fr\/kuendigungsfibel\/","og_locale":"fr_FR","og_type":"article","og_title":"K\u00fcndigungsfibel &#8226; newplace &#8226; Outplacement f\u00fcr Unternehmen und Arbeitnehmende","og_description":"Outplacement f\u00fcr Firmen und Arbeitnehmer \u2022 Ob Outplacement, Newplacement oder Karrierecoaching: Wir beraten & begleiten Sie!","og_url":"https:\/\/newplace.ch\/fr\/kuendigungsfibel\/","og_site_name":"newplace","article_modified_time":"2025-12-08T12:52:52+00:00","og_image":[{"width":700,"height":500,"url":"https:\/\/newplace.ch\/wp-content\/uploads\/2025\/03\/Kuendigungsfibel-newplace-DE-scaled-700x500-1.jpg","type":"image\/jpeg"}],"twitter_card":"summary_large_image","schema":{"@context":"https:\/\/schema.org","@graph":[{"@type":"WebPage","@id":"https:\/\/newplace.ch\/kuendigungsfibel\/","url":"https:\/\/newplace.ch\/kuendigungsfibel\/","name":"K\u00fcndigungsfibel &#8226; newplace &#8226; Outplacement f\u00fcr Unternehmen und Arbeitnehmende","isPartOf":{"@id":"https:\/\/newplace.ch\/#website"},"primaryImageOfPage":{"@id":"https:\/\/newplace.ch\/kuendigungsfibel\/#primaryimage"},"image":{"@id":"https:\/\/newplace.ch\/kuendigungsfibel\/#primaryimage"},"thumbnailUrl":"https:\/\/newplace.ch\/wp-content\/uploads\/2025\/03\/Kuendigungsfibel-newplace-DE-scaled-700x500-1.jpg","datePublished":"2025-02-27T13:24:53+00:00","dateModified":"2025-12-08T12:52:52+00:00","description":"Outplacement pour entreprises et salari\u00e9s - Que ce soit pour un outplacement, un newplacement ou un coaching de carri\u00e8re, nous vous conseillons &amp; vous accompagnons !","breadcrumb":{"@id":"https:\/\/newplace.ch\/kuendigungsfibel\/#breadcrumb"},"inLanguage":"fr-FR","potentialAction":[{"@type":"ReadAction","target":["https:\/\/newplace.ch\/kuendigungsfibel\/"]}]},{"@type":"ImageObject","inLanguage":"fr-FR","@id":"https:\/\/newplace.ch\/kuendigungsfibel\/#primaryimage","url":"https:\/\/newplace.ch\/wp-content\/uploads\/2025\/03\/Kuendigungsfibel-newplace-DE-scaled-700x500-1.jpg","contentUrl":"https:\/\/newplace.ch\/wp-content\/uploads\/2025\/03\/Kuendigungsfibel-newplace-DE-scaled-700x500-1.jpg"},{"@type":"BreadcrumbList","@id":"https:\/\/newplace.ch\/kuendigungsfibel\/#breadcrumb","itemListElement":[{"@type":"ListItem","position":1,"name":"Startseite","item":"https:\/\/newplace.ch\/"},{"@type":"ListItem","position":2,"name":"K\u00fcndigungsfibel"}]},{"@type":"WebSite","@id":"https:\/\/newplace.ch\/#website","url":"https:\/\/newplace.ch\/","name":"newplace","description":"","publisher":{"@id":"https:\/\/newplace.ch\/#organization"},"potentialAction":[{"@type":"SearchAction","target":{"@type":"EntryPoint","urlTemplate":"https:\/\/newplace.ch\/?s={search_term_string}"},"query-input":{"@type":"PropertyValueSpecification","valueRequired":true,"valueName":"search_term_string"}}],"inLanguage":"fr-FR"},{"@type":"Organization","@id":"https:\/\/newplace.ch\/#organization","name":"newplace AG","url":"https:\/\/newplace.ch\/","logo":{"@type":"ImageObject","inLanguage":"fr-FR","@id":"https:\/\/newplace.ch\/#\/schema\/logo\/image\/","url":"https:\/\/newplace.ch\/wp-content\/uploads\/2025\/02\/newplace.svg","contentUrl":"https:\/\/newplace.ch\/wp-content\/uploads\/2025\/02\/newplace.svg","width":345,"height":120,"caption":"newplace AG"},"image":{"@id":"https:\/\/newplace.ch\/#\/schema\/logo\/image\/"},"sameAs":["https:\/\/www.linkedin.com\/company\/newplace-ag"]}]}},"_links":{"self":[{"href":"https:\/\/newplace.ch\/fr\/wp-json\/wp\/v2\/pages\/19","targetHints":{"allow":["GET"]}}],"collection":[{"href":"https:\/\/newplace.ch\/fr\/wp-json\/wp\/v2\/pages"}],"about":[{"href":"https:\/\/newplace.ch\/fr\/wp-json\/wp\/v2\/types\/page"}],"author":[{"embeddable":true,"href":"https:\/\/newplace.ch\/fr\/wp-json\/wp\/v2\/users\/2"}],"replies":[{"embeddable":true,"href":"https:\/\/newplace.ch\/fr\/wp-json\/wp\/v2\/comments?post=19"}],"version-history":[{"count":31,"href":"https:\/\/newplace.ch\/fr\/wp-json\/wp\/v2\/pages\/19\/revisions"}],"predecessor-version":[{"id":5429,"href":"https:\/\/newplace.ch\/fr\/wp-json\/wp\/v2\/pages\/19\/revisions\/5429"}],"wp:attachment":[{"href":"https:\/\/newplace.ch\/fr\/wp-json\/wp\/v2\/media?parent=19"}],"curies":[{"name":"wp","href":"https:\/\/api.w.org\/{rel}","templated":true}]}}